{"id":561,"date":"2018-10-18T02:41:40","date_gmt":"2018-10-18T02:41:40","guid":{"rendered":"https:\/\/lima2018.eventosapf.com\/?page_id=561"},"modified":"2019-12-12T15:28:54","modified_gmt":"2019-12-12T15:28:54","slug":"presentaciones","status":"publish","type":"page","link":"https:\/\/lima2018.eventosapf.com\/es\/presentaciones\/","title":{"rendered":"Presentaciones"},"content":{"rendered":"<p><strong>Mi\u00e9rcoles 3 de octubre<\/strong><\/p>\n<p>Conferencia inaugural<\/p>\n<p><strong>Superintendencia de Banca, Seguros y AFP <\/strong><\/p>\n<ul>\n<li><a href=\"https:\/\/lima2018.eventosapf.com\/wp-content\/uploads\/2018\/10\/3-Conferencia-Superintendencia.pdf\" target=\"_blank\" rel=\"noopener noreferrer\">Janett Vallejos Castillo (Intendente de Seguros)<img loading=\"lazy\" decoding=\"async\" class=\"alignnone size-full wp-image-568\" src=\"https:\/\/lima2018.eventosapf.com\/wp-content\/uploads\/2018\/10\/adobe-pdf-Copy.png\" alt=\"\" width=\"25\" height=\"18\" \/><\/a><\/li>\n<\/ul>\n<p>&nbsp;<\/p>\n<p>Conferencia<\/p>\n<p><strong>Seguro de cr\u00e9dito en Per\u00fa: situaci\u00f3n actual, desaf\u00edos futuros e impacto del contexto econ\u00f3mico<\/strong><\/p>\n<p>Orador:<\/p>\n<ul>\n<li><a href=\"https:\/\/lima2018.eventosapf.com\/wp-content\/uploads\/2018\/10\/Cesce.pdf\" target=\"_blank\" rel=\"noopener noreferrer\">Javier Guzm\u00e1n Barr\u00f3n (Gerente General, SECREX CESCE, Per\u00fa)<img loading=\"lazy\" decoding=\"async\" class=\"alignnone size-full wp-image-568\" src=\"https:\/\/lima2018.eventosapf.com\/wp-content\/uploads\/2018\/10\/adobe-pdf-Copy.png\" alt=\"\" width=\"25\" height=\"18\" \/><\/a><\/li>\n<\/ul>\n<hr \/>\n<p><strong>Jueves 4 de octubre<\/strong><\/p>\n<p><strong>Panel<\/strong><\/p>\n<p><strong>Reclamos en garant\u00edas a primer requerimiento.\u00a0<\/strong><strong>Experiencia comparativa de tres pa\u00edses.<\/strong><\/p>\n<p>Oradores:<\/p>\n<ul>\n<li><strong>Chile<\/strong><\/li>\n<\/ul>\n<p><a href=\"https:\/\/lima2018.eventosapf.com\/wp-content\/uploads\/2018\/10\/Berg-Esp.pdf\" target=\"_blank\" rel=\"noopener noreferrer\">Mar\u00eda de la Luz Berg (Gerente Comercial, Aseguradora Porvenir)<img loading=\"lazy\" decoding=\"async\" class=\"alignnone size-full wp-image-568\" src=\"https:\/\/lima2018.eventosapf.com\/wp-content\/uploads\/2018\/10\/adobe-pdf-Copy.png\" alt=\"\" width=\"25\" height=\"18\" \/><\/a><\/p>\n<ul>\n<li><strong>Per\u00fa<\/strong><\/li>\n<\/ul>\n<p><a href=\"https:\/\/lima2018.eventosapf.com\/wp-content\/uploads\/2018\/10\/Chavez-Esp.pdf\" target=\"_blank\" rel=\"noopener noreferrer\">Daniel Ch\u00e1vez V\u00e9lez (Gerente de Fianzas y Cauciones, La Positiva Seguros)<img loading=\"lazy\" decoding=\"async\" class=\"alignnone size-full wp-image-568\" src=\"https:\/\/lima2018.eventosapf.com\/wp-content\/uploads\/2018\/10\/adobe-pdf-Copy.png\" alt=\"\" width=\"25\" height=\"18\" \/><\/a><\/p>\n<ul>\n<li><strong>Bolivia<\/strong><\/li>\n<\/ul>\n<p><a href=\"https:\/\/lima2018.eventosapf.com\/wp-content\/uploads\/2018\/10\/Jordan-Esp.pdf\" target=\"_blank\" rel=\"noopener noreferrer\">Jaime Christian Guti\u00e9rrez Jord\u00e1n (Gerente Nacional de Fianzas y Cauciones, Nacional Seguros)<img loading=\"lazy\" decoding=\"async\" class=\"alignnone size-full wp-image-568\" src=\"https:\/\/lima2018.eventosapf.com\/wp-content\/uploads\/2018\/10\/adobe-pdf-Copy.png\" alt=\"\" width=\"25\" height=\"18\" \/><\/a><\/p>\n<p>&nbsp;<\/p>\n<p>Panel<\/p>\n<p>A cargo del Comit\u00e9 de Cr\u00e9dito de APF<\/p>\n<p><strong><em>Outsourcing <\/em><\/strong><strong>en el desarrollo del negocio de seguro de cr\u00e9dito.<\/strong><\/p>\n<p>Oradores:<\/p>\n<ul>\n<li><a href=\"https:\/\/lima2018.eventosapf.com\/wp-content\/uploads\/2018\/10\/Software-Esp.pdf\" target=\"_blank\" rel=\"noopener noreferrer\">Software<img loading=\"lazy\" decoding=\"async\" class=\"alignnone size-full wp-image-568\" src=\"https:\/\/lima2018.eventosapf.com\/wp-content\/uploads\/2018\/10\/adobe-pdf-Copy.png\" alt=\"\" width=\"25\" height=\"18\" \/><\/a><\/li>\n<li><a href=\"https:\/\/lima2018.eventosapf.com\/wp-content\/uploads\/2018\/10\/Comerciales-Esp.pdf\" target=\"_blank\" rel=\"noopener noreferrer\">Informes Comerciales<img loading=\"lazy\" decoding=\"async\" class=\"alignnone size-full wp-image-568\" src=\"https:\/\/lima2018.eventosapf.com\/wp-content\/uploads\/2018\/10\/adobe-pdf-Copy.png\" alt=\"\" width=\"25\" height=\"18\" \/><\/a><\/li>\n<li><a href=\"https:\/\/lima2018.eventosapf.com\/wp-content\/uploads\/2018\/10\/Cobros-Esp.pdf\" target=\"_blank\" rel=\"noopener noreferrer\">Gesti\u00f3n de recobros<img loading=\"lazy\" decoding=\"async\" class=\"alignnone size-full wp-image-568\" src=\"https:\/\/lima2018.eventosapf.com\/wp-content\/uploads\/2018\/10\/adobe-pdf-Copy.png\" alt=\"\" width=\"25\" height=\"18\" \/><\/a><\/li>\n<\/ul>\n<p>Conferencia<\/p>\n<p>A cargo del Comit\u00e9 de Fianzas de la APF<\/p>\n<p><strong>Naturaleza aut\u00f3noma o accesoria de las garant\u00edas de cumplimiento<\/strong><\/p>\n<p>Orador:<\/p>\n<ul>\n<li><a href=\"https:\/\/lima2018.eventosapf.com\/wp-content\/uploads\/2018\/10\/Contreras-Esp.pdf\" target=\"_blank\" rel=\"noopener noreferrer\">Cristina Contreras (Gerente T\u00e9cnico y Reaseguros, Seguros Confianza, Ecuador)<img loading=\"lazy\" decoding=\"async\" class=\"alignnone size-full wp-image-568\" src=\"https:\/\/lima2018.eventosapf.com\/wp-content\/uploads\/2018\/10\/adobe-pdf-Copy.png\" alt=\"\" width=\"25\" height=\"18\" \/><\/a><\/li>\n<\/ul>\n<hr \/>\n<p><strong>Viernes 5 de octubre<\/strong><\/p>\n<p><a href=\"https:\/\/lima2018.eventosapf.com\/wp-content\/uploads\/2018\/10\/Kpmg-Esp.pdf\" target=\"_blank\" rel=\"noopener noreferrer\">Taller de fianzas<img loading=\"lazy\" decoding=\"async\" class=\"alignnone size-full wp-image-568\" src=\"https:\/\/lima2018.eventosapf.com\/wp-content\/uploads\/2018\/10\/adobe-pdf-Copy.png\" alt=\"\" width=\"25\" height=\"18\" \/><\/a><\/p>\n","protected":false},"excerpt":{"rendered":"<p>Mi\u00e9rcoles 3 de octubre Conferencia inaugural Superintendencia de Banca, Seguros y AFP Janett Vallejos Castillo&#8230;<\/p>\n","protected":false},"author":1,"featured_media":0,"parent":0,"menu_order":0,"comment_status":"closed","ping_status":"closed","template":"template-full-width.php","meta":{"footnotes":""},"class_list":["post-561","page","type-page","status-publish","hentry"],"_links":{"self":[{"href":"https:\/\/lima2018.eventosapf.com\/es\/wp-json\/wp\/v2\/pages\/561","targetHints":{"allow":["GET"]}}],"collection":[{"href":"https:\/\/lima2018.eventosapf.com\/es\/wp-json\/wp\/v2\/pages"}],"about":[{"href":"https:\/\/lima2018.eventosapf.com\/es\/wp-json\/wp\/v2\/types\/page"}],"author":[{"embeddable":true,"href":"https:\/\/lima2018.eventosapf.com\/es\/wp-json\/wp\/v2\/users\/1"}],"replies":[{"embeddable":true,"href":"https:\/\/lima2018.eventosapf.com\/es\/wp-json\/wp\/v2\/comments?post=561"}],"version-history":[{"count":5,"href":"https:\/\/lima2018.eventosapf.com\/es\/wp-json\/wp\/v2\/pages\/561\/revisions"}],"predecessor-version":[{"id":679,"href":"https:\/\/lima2018.eventosapf.com\/es\/wp-json\/wp\/v2\/pages\/561\/revisions\/679"}],"wp:attachment":[{"href":"https:\/\/lima2018.eventosapf.com\/es\/wp-json\/wp\/v2\/media?parent=561"}],"curies":[{"name":"wp","href":"https:\/\/api.w.org\/{rel}","templated":true}]}}