{"id":37,"date":"2018-05-23T12:05:25","date_gmt":"2018-05-23T12:05:25","guid":{"rendered":"https:\/\/lima2018.eventosapf.com\/?page_id=37"},"modified":"2018-07-02T23:22:58","modified_gmt":"2018-07-02T23:22:58","slug":"info-util","status":"publish","type":"page","link":"https:\/\/lima2018.eventosapf.com\/es\/info-util\/","title":{"rendered":"Info \u00fatil"},"content":{"rendered":"<p><strong>Per\u00fa<\/strong><\/p>\n<p><strong>\u00a0<\/strong><strong>Ubicaci\u00f3n e informaci\u00f3n general<\/strong><\/p>\n<p><strong>\u00a0<\/strong>La Rep\u00fablica del Per\u00fa est\u00e1 ubicada en la regi\u00f3n occidental de Sudam\u00e9rica. Limita al norte con Ecuador y Colombia; al este, con Brasil; al sudeste, con Bolivia; al sur, con Chile y al oeste, con el oc\u00e9ano Pac\u00edfico. Ocupa una superficie de 1,28 millones de km<sup>2<\/sup> y su poblaci\u00f3n asciende a alrededor de 31,7 millones de habitantes.<\/p>\n<p>Per\u00fa es un pa\u00eds de una enorme biodiversidad, con h\u00e1bitats tan distintos como las \u00e1ridas planicies de la costa del Pacifico en el oeste, y las cumbres andinas que se extienden en forma vertical del norte al sudeste del pa\u00eds o la selva tropical de la cuenca amaz\u00f3nica hacia el este.<\/p>\n<p>El territorio peruano alberg\u00f3 varias culturas ancestrales, desde la civilizaci\u00f3n Norte Chico, del a\u00f1o 2500 AC aproximadamente, la civilizaci\u00f3n m\u00e1s antigua de Am\u00e9rica, hasta el Imperio incaico, el estado m\u00e1s extenso y desarrollado de la Am\u00e9rica precolombina. El Imperio espa\u00f1ol conquist\u00f3 esta regi\u00f3n en el siglo XVI y estableci\u00f3 un virreinato con Lima como su capital. Per\u00fa se independiz\u00f3 formalmente de Espa\u00f1a en 1821.<\/p>\n<p>La econom\u00eda peruana es una de las m\u00e1s prosperas de la regi\u00f3n. Entre las principales actividades econ\u00f3micas se pueden mencionar la miner\u00eda, la manufactura, la agricultura y la pesca, junto con otros sectores en desarrollo, como las telecomunicaciones y la biotecnolog\u00eda.<\/p>\n<p>Per\u00fa es el cuarto pa\u00eds m\u00e1s poblado de Am\u00e9rica del Sur y posee una gran diversidad \u00e9tnica. El idioma principal es el espa\u00f1ol, si bien una gran proporci\u00f3n de los habitantes habla quechua, aymara u otras lenguas nativas. Esta mezcla de tradiciones culturales dio como resultado una gran variedad de expresiones en diferentes \u00e1reas, como el arte, la gastronom\u00eda, la literatura y la m\u00fasica.<\/p>\n<p>&nbsp;<\/p>\n<p><strong>Lima<\/strong><\/p>\n<p><strong>\u00a0<\/strong><strong>Un poco de historia.<\/strong> Cuando la Corona espa\u00f1ola nombr\u00f3 a Pizarro gobernador de las tierras que hab\u00eda conquistado, este eligi\u00f3 el valle del R\u00edmac para fundar la capital el 18 de enero de 1535, y le dio el nombre de <em>Ciudad de los Reyes. <\/em>La creaci\u00f3n del virreinato transform\u00f3 la ciudad en el principal centro pol\u00edtico y administrativo de Sudam\u00e9rica. Durante ese per\u00edodo, se construyeron importantes iglesias, monasterios, mansiones y balcones. La llegada de la modernidad no alter\u00f3 el casco hist\u00f3rico, el cual ha sido distinguido por la Unesco como Patrimonio Cultural de la Humanidad.<\/p>\n<p>Lima est\u00e1 ubicada sobre una superficie mayormente llana en la regi\u00f3n costera central del pa\u00eds, en los valles de los r\u00edos <a href=\"https:\/\/en.wikipedia.org\/wiki\/Chill%C3%B3n_River\">Chill\u00f3n<\/a>, <a href=\"https:\/\/en.wikipedia.org\/wiki\/R%C3%ADmac_River\">R\u00edmac<\/a> y <a href=\"https:\/\/en.wikipedia.org\/wiki\/Lur%C3%ADn_River\">Lur\u00edn<\/a>, frente al oc\u00e9ano Pac\u00edfico. El \u00e1rea urbana abarca aproximadamente 800 km<sup>2<\/sup>, con un litoral que se extiende 80 km.<\/p>\n<p>En Lima viven cerca de 9.300.000 personas, lo cual le otorga el segundo lugar como ciudad m\u00e1s populosa de Sudam\u00e9rica, despu\u00e9s de San Pablo. La poblaci\u00f3n est\u00e1 compuesta por un complejo crisol de razas y etnias. El principal grupo \u00e9tnico est\u00e1 formado por los mestizos de ascendencia mixta de amerindios y europeos (en su mayor\u00eda espa\u00f1oles e italianos). El segundo grupo en cantidad de individuos lo constituyen los peruanos europeos.<\/p>\n<p>&nbsp;<\/p>\n<p><strong>Clima<\/strong><\/p>\n<p>En Lima, impera un clima muy particular: es subtropical des\u00e9rtico, con una estaci\u00f3n c\u00e1lida de diciembre a abril y una estaci\u00f3n fr\u00eda, h\u00fameda y nubosa de junio a octubre. Mayo y noviembre son meses de transici\u00f3n. En octubre la temperatura m\u00ednima promedio llega a 15 \u00baC y la m\u00e1xima, a 20 \u00baC. Si bien las lluvias son escasas, puede haber altos niveles de humedad durante el invierno.<\/p>\n<p>Vestimenta adecuada: Se recomienda poner en la maleta prendas que permitan vestirse en capas y un abrigo para la noche. Tambi\u00e9n se aconseja usar protector solar incluso en invierno.<\/p>\n<p>&nbsp;<\/p>\n<p><strong>Electricidad<\/strong><\/p>\n<p>En Per\u00fa la electricidad es de 220 voltios con una frecuencia de 60 Hz. Por ello, para utilizar un aparato de 110 voltios se necesita un adaptador. Muchas computadoras port\u00e1tiles y c\u00e1maras digitales modernas pueden funcionar de manera segura con 110 y con 220 voltios. Asimismo, los hoteles suelen tener enchufes para aparatos de 110 voltios, especialmente para los turistas extranjeros.<\/p>\n<p>En Per\u00fa se utilizan dos<strong> clases de enchufes<\/strong>: con <strong>dos clavijas planas paralelas (tipo A)<\/strong> y con <strong>dos clavijas redondeadas (tipo C). <\/strong><strong>Los aparatos el\u00e9ctricos suelen estar dise\u00f1ados para adaptarse a los dos tipos.\u00a0<\/strong><\/p>\n<p><img loading=\"lazy\" decoding=\"async\" class=\"alignnone size-full wp-image-190\" src=\"https:\/\/lima2018.eventosapf.com\/wp-content\/uploads\/2018\/07\/uno.jpg\" alt=\"\" width=\"150\" height=\"130\" srcset=\"https:\/\/lima2018.eventosapf.com\/wp-content\/uploads\/2018\/07\/uno.jpg 150w, https:\/\/lima2018.eventosapf.com\/wp-content\/uploads\/2018\/07\/uno-125x108.jpg 125w\" sizes=\"auto, (max-width: 150px) 100vw, 150px\" \/> <img loading=\"lazy\" decoding=\"async\" class=\"alignnone size-full wp-image-189\" src=\"https:\/\/lima2018.eventosapf.com\/wp-content\/uploads\/2018\/07\/dos.jpg\" alt=\"\" width=\"150\" height=\"130\" srcset=\"https:\/\/lima2018.eventosapf.com\/wp-content\/uploads\/2018\/07\/dos.jpg 150w, https:\/\/lima2018.eventosapf.com\/wp-content\/uploads\/2018\/07\/dos-125x108.jpg 125w\" sizes=\"auto, (max-width: 150px) 100vw, 150px\" \/><\/p>\n<p><strong>Moneda<\/strong><\/p>\n<p>&nbsp;<\/p>\n<p>La moneda de curso legal en Per\u00fa es el \u201cnuevo sol\u201d (S\/.). Un d\u00f3lar estadounidense equivale a 3,27 nuevos soles (junio 2018). El d\u00f3lar de Estados Unidos es la moneda extranjera m\u00e1s com\u00fanmente aceptada. Puede usarse como forma de pago en la mayor\u00eda de las tiendas, supermercados, restaurantes y hoteles, si bien es conveniente cambiarla por soles en caso de realizar compras peque\u00f1as.<\/p>\n<p>&nbsp;<\/p>\n<p><strong>Bancos, tarjetas de cr\u00e9dito, cajeros autom\u00e1ticos<\/strong><\/p>\n<p>&nbsp;<\/p>\n<p>Los bancos atienden al p\u00fablico de lunes a viernes de 9 a 18 y los s\u00e1bados de 9 a 13.<\/p>\n<p>En Lima casi todos los comercios aceptan las principales tarjetas de cr\u00e9dito internacionales. Se puede abonar con estas tarjetas en hoteles, restaurantes, tiendas y supermercados. Se recomienda no olvidar el documento de identidad o pasaporte.<\/p>\n<p>En Lima abundan los cajeros autom\u00e1ticos. No obstante, es conveniente operar en aquellos que est\u00e1n ubicados dentro de edificios o bancos y usarlos preferentemente de d\u00eda.<\/p>\n<p>&nbsp;<\/p>\n<p><strong>Propinas<\/strong><\/p>\n<p>Aunque la mayor\u00eda de los restaurantes y bares incluyen en la cuenta un 10% de propina, se acostumbra dejar otro 10% si se ha recibido un servicio de calidad. No se suele dar propina a los conductores de taxis, puesto que la tarifa se negocia antes de comenzar el viaje. En los hoteles, porteros y botones esperan una gratificaci\u00f3n de USD 1 por cada maleta.<\/p>\n<p>&nbsp;<\/p>\n<p><strong>Ingreso al pa\u00eds<\/strong><\/p>\n<p>Para ingresar en Per\u00fa, es indispensable contar con un pasaporte vigente por seis meses. A los ciudadanos de Argentina, Brasil, Paraguay, Uruguay, Ecuador, Colombia, Bolivia, Venezuela y Chile se les permite ingresar con un documento nacional de identidad v\u00e1lido.<\/p>\n<p>No necesitan visa los ciudadanos de la mayor\u00eda de los pa\u00edses de Am\u00e9rica y de Europa occidental. No obstante, <strong>se recomienda consultar los requisitos de ingreso y visado en la embajada o consulado peruano de cada pa\u00eds antes de viajar a Lima. <\/strong><\/p>\n<p><strong>\u00a0<\/strong><\/p>\n<p><strong>Vacunas<\/strong><\/p>\n<p>Si el viajero proviene de zonas afectadas por fiebre amarilla de \u00c1frica o del continente americano, debe recibir la vacuna contra esta enfermedad. De lo contrario, no es necesario aplicarse ninguna vacuna para ingresar a Per\u00fa.<\/p>\n<p>&nbsp;<\/p>\n<p><strong>Aeropuerto<\/strong><\/p>\n<p>El Aeropuerto Internacional Jorge Ch\u00e1vez est\u00e1 ubicado en Callao, a 10 km aproximadamente del centro de Lima. Este aeropuerto est\u00e1 entre los m\u00e1s modernos de Am\u00e9rica Latina. Gracias a su ubicaci\u00f3n geogr\u00e1fica estrat\u00e9gica, se ha convertido en un importante centro de conexi\u00f3n de vuelos internacionales entre puntos del continente americano.<\/p>\n<p>El trayecto del Aeropuerto a Miraflores (y el viaje inverso) lleva alrededor de 40 minutos, un lapso que puede duplicarse o triplicarse en las horas de m\u00e1s tr\u00e1nsito.<\/p>\n<p>&nbsp;<\/p>\n<p><strong>Alquiler de autos<\/strong><\/p>\n<p>Varias compa\u00f1\u00edas de alquiler de autos ofrecen sus servicios en Lima con una modalidad similar: Avis, Budget Car Rental Peru, Hertz, Alamo y Dollar Rent a Car.<\/p>\n<p>Importante: Se desaconseja alquilar un auto y manejar en Lima si el conductor no est\u00e1 familiarizado con el complicado tr\u00e1nsito de la ciudad y las normas locales.<\/p>\n<p>&nbsp;<\/p>\n<p><strong>Taxis<\/strong><\/p>\n<p>Es muy f\u00e1cil encontrar un taxi en Lima. Dado que estos veh\u00edculos no cuentan con tax\u00edmetros, el conductor dar\u00e1 un precio en funci\u00f3n de la distancia y el tr\u00e1nsito. La mayor parte de los taxis no son oficiales ni est\u00e1n registrados. Se recomienda tomar solo taxis de empresas formales. La opci\u00f3n m\u00e1s segura es llamar a una compa\u00f1\u00eda de taxis registrada o solicitar el taxi en el hotel.<\/p>\n<p>&nbsp;<\/p>\n<p><strong>Lugares para conocer en Lima<\/strong><\/p>\n<p><strong>\u00a0<\/strong><\/p>\n<p><strong>Plaza de Armas<\/strong><\/p>\n<p>Tambi\u00e9n llamada Plaza Mayor, este amplio espacio p\u00fablico es el centro hist\u00f3rico de Lima. La mayor\u00eda de los edificios del sitio original fueron destruidos por el terremoto de 1746; la \u00fanica construcci\u00f3n de aquella \u00e9poca que puede verse es la fuente de bronce que est\u00e1 en el centro de la plaza, del a\u00f1o 1651. La Plaza Mayor ha sido declarada Patrimonio Cultural Mundial por la Unesco.<\/p>\n<p>A su alrededor se encuentran, adem\u00e1s de la Catedral, el Palacio Arzobispal, la Casa del Oidor y el Palacio de Gobierno, la residencia oficial del presidente.<\/p>\n<p>La v\u00eda peatonal Jir\u00f3n de la Uni\u00f3n se extiende desde la Plaza de Armas hasta la Plaza San Mart\u00edn, y exhibe hoy una mezcla de edificios antiguos y modernos que albergan restaurantes y tiendas. El visitante tambi\u00e9n encontrar\u00e1 aqu\u00ed la Iglesia de la Merced y la Casa de Aliaga, una de las mansiones coloniales m\u00e1s antiguas y mejor preservadas de Sudam\u00e9rica.<\/p>\n<p>&nbsp;<\/p>\n<p><strong>La Catedral<\/strong><\/p>\n<p>El edificio de la Catedral domina la parte este de la Plaza de Armas. Comenz\u00f3 a construirse en 1535 y se ampli\u00f3 en 1564 seg\u00fan el dise\u00f1o de la Catedral de Sevilla, Espa\u00f1a. Result\u00f3 muy afectada por el terremoto de 1687 y qued\u00f3 casi destruida por el gran movimiento s\u00edsmico de 1746, pero r\u00e1pidos trabajos de reconstrucci\u00f3n le dieron su apariencia actual.<\/p>\n<p>&nbsp;<\/p>\n<p><strong>Convento de San Francisco<\/strong><\/p>\n<p>La Iglesia de San Francisco y su monasterio forman parte del centro hist\u00f3rico y son famosos, sobre todo, por sus catacumbas. La biblioteca del piso superior, reconocida a nivel mundial, contiene miles de libros antiguos, y el monasterio alberga una maravillosa colecci\u00f3n de arte religioso.<\/p>\n<p>&nbsp;<\/p>\n<p><strong>Iglesia y monasterio de Santo Domingo<\/strong><\/p>\n<p><strong>\u00a0<\/strong>Fueron construidos en 1540 en terrenos que Pizarro entreg\u00f3 al fraile dominico Vicente Valverde. Aqu\u00ed se encuentran depositadas las reliquias de Santa Rosa de Lima, San Juan Mac\u00edas y San Mart\u00edn de Porres, el primer santo de raza negra del continente americano.<\/p>\n<p>&nbsp;<\/p>\n<p><strong>Miraflores<\/strong><\/p>\n<p>En este barrio, que se yergue en los acantilados, por encima del mar, al sur del centro de Lima, conviven modernos edificios comerciales de cristal y acero con antiguas y refinadas mansiones coloniales y numerosos espacios verdes. El visitante encontrar\u00e1 en Miraflores refinadas tiendas y restaurantes que ofrecen la \u201cnueva cocina peruana\u201d, que atrae la atenci\u00f3n de los ambientes culinarios de todo el mundo.<\/p>\n<p>&nbsp;<\/p>\n<p><strong>Huaca Pucllana<\/strong><\/p>\n<p>Esta pir\u00e1mide de arcilla y adobe ubicada en el elegante barrio de Miraflores funcion\u00f3 como un importante sitio ceremonial de la cultura Lima, que se desarroll\u00f3 en la regi\u00f3n costera de Per\u00fa entre los a\u00f1os 200 y 700 d.C.<\/p>\n<p>&nbsp;<\/p>\n<p><strong>Museos<\/strong><\/p>\n<p>&nbsp;<\/p>\n<p><strong>Museo Nacional de Arqueolog\u00eda, Antropolog\u00eda e Historia <\/strong><\/p>\n<p>Recorre la historia del Per\u00fa desde \u00e9pocas prehist\u00f3ricas hasta la etapa colonial. Alberga una impresionante variedad de piezas, con valiosos objetos de cer\u00e1mica, tallas en piedra, obeliscos, momias, joyas, tapices y piezas trabajadas en oro y otros metales.<\/p>\n<p>&nbsp;<\/p>\n<p><strong>Museo Larco <\/strong><\/p>\n<p>Este museo exhibe una colecci\u00f3n de m\u00e1s de 40.000 piezas de cer\u00e1mica peruana, muchas de las cuales pertenecen a las culturas Moche y Chim\u00fa.<\/p>\n<p>&nbsp;<\/p>\n<p><strong>Museo de Arte de Lima &#8211; MALI<\/strong><\/p>\n<p>Alberga una inmensa muestra de textiles y objetos de cer\u00e1mica precolombinos, cuadros y mobiliario de las etapas colonial y republicana y una importante selecci\u00f3n de pinturas y fotograf\u00edas.<\/p>\n<p>&nbsp;<\/p>\n<p><strong>Otros puntos de inter\u00e9s <\/strong><\/p>\n<p>Tambi\u00e9n vale la pena visitar en Lima la Iglesia de las Nazarenas, el Circuito M\u00e1gico del Agua (un complejo de 13 fuentes), la Cruz del Viajero (erigida por los monjes franciscanos en el siglo XVII), el Puente de los Suspiros, en Barranco, y el distrito de Pueblo Libre.<\/p>\n<p>&nbsp;<\/p>\n<p><strong>Gastronom\u00eda <\/strong><\/p>\n<p>La cocina lime\u00f1a se ha ganado un merecido y destacado lugar entre los principales centros culinarios del mundo y su variedad de platos deleita por igual a turistas y lugare\u00f1os.<\/p>\n<p>Con el \u201cceviche\u201d y el \u201ctiradito\u201d como \u00edconos gastron\u00f3micos, su cocina es el resultado de combinar influencias africanas, ind\u00edgenas y chinas, que confluyen para crear platos deliciosos.<\/p>\n<p>&nbsp;<\/p>\n<p><strong>Restaurantes en Lima<\/strong><\/p>\n<p><em>Nanka<\/em><\/p>\n<p>Combina diferentes tendencias gastron\u00f3micas del mundo con insumos org\u00e1nicos locales. Cocina peruana, latina, mediterr\u00e1nea. Dos locales en Lima, en La Molina y en San Isidro.<\/p>\n<p><a href=\"https:\/\/www.nanka.pe\/\">https:\/\/www.nanka.pe\/<\/a><\/p>\n<p>&nbsp;<\/p>\n<p><em>Maido<\/em><\/p>\n<p>Cocina japonesa y peruana, mariscos.<\/p>\n<p><a href=\"http:\/\/www.maido.pe\/\">http:\/\/www.maido.pe\/<\/a><\/p>\n<p>&nbsp;<\/p>\n<p><em>Central Restaurante<\/em><\/p>\n<p>Cocina peruana contempor\u00e1nea, con introducci\u00f3n de productos ind\u00edgenas poco conocidos.<\/p>\n<p><a href=\"http:\/\/centralrestaurante.com.pe\/\">http:\/\/centralrestaurante.com.pe\/<\/a><\/p>\n<p>&nbsp;<\/p>\n<p><em>Osaka Pardo and Aliaga<\/em><\/p>\n<p>Cocina japonesa y peruana, mariscos<\/p>\n<p><a href=\"https:\/\/www.osaka.com.pe\/pardo-aliaga\/#\u00e7\">https:\/\/www.osaka.com.pe\/pardo-aliaga\/#<\/a><\/p>\n<p>&nbsp;<\/p>\n<p><strong>Ir de compras en Lima<\/strong><\/p>\n<p>&nbsp;<\/p>\n<p>La capital del Per\u00fa posee los mejores y m\u00e1s grandes centros comerciales del pa\u00eds. Entre ellos est\u00e1n:<\/p>\n<p>&nbsp;<\/p>\n<p>Larcomar Shopping Center<br \/>\nMalec\u00f3n de la Reserva 610<br \/>\nDistrito Miraflores<\/p>\n<p>&nbsp;<\/p>\n<p>Jockey Plaza Shopping Center<br \/>\nAv. Javier Prado Este 4200<br \/>\nDistrito Santiago de Surco<\/p>\n<p>&nbsp;<\/p>\n<p>Real Plaza Centro C\u00edvico Shopping Center<br \/>\nAv. Garcilaso de la Vega 1337<br \/>\nCentro de Lima<\/p>\n<p>&nbsp;<\/p>\n","protected":false},"excerpt":{"rendered":"<p>Per\u00fa \u00a0Ubicaci\u00f3n e informaci\u00f3n general \u00a0La Rep\u00fablica del Per\u00fa est\u00e1 ubicada en la regi\u00f3n occidental&#8230;<\/p>\n","protected":false},"author":1,"featured_media":0,"parent":0,"menu_order":0,"comment_status":"closed","ping_status":"closed","template":"template-full-width.php","meta":{"footnotes":""},"class_list":["post-37","page","type-page","status-publish","hentry"],"_links":{"self":[{"href":"https:\/\/lima2018.eventosapf.com\/es\/wp-json\/wp\/v2\/pages\/37","targetHints":{"allow":["GET"]}}],"collection":[{"href":"https:\/\/lima2018.eventosapf.com\/es\/wp-json\/wp\/v2\/pages"}],"about":[{"href":"https:\/\/lima2018.eventosapf.com\/es\/wp-json\/wp\/v2\/types\/page"}],"author":[{"embeddable":true,"href":"https:\/\/lima2018.eventosapf.com\/es\/wp-json\/wp\/v2\/users\/1"}],"replies":[{"embeddable":true,"href":"https:\/\/lima2018.eventosapf.com\/es\/wp-json\/wp\/v2\/comments?post=37"}],"version-history":[{"count":3,"href":"https:\/\/lima2018.eventosapf.com\/es\/wp-json\/wp\/v2\/pages\/37\/revisions"}],"predecessor-version":[{"id":193,"href":"https:\/\/lima2018.eventosapf.com\/es\/wp-json\/wp\/v2\/pages\/37\/revisions\/193"}],"wp:attachment":[{"href":"https:\/\/lima2018.eventosapf.com\/es\/wp-json\/wp\/v2\/media?parent=37"}],"curies":[{"name":"wp","href":"https:\/\/api.w.org\/{rel}","templated":true}]}}