{"id":240,"date":"2018-07-04T19:34:38","date_gmt":"2018-07-04T19:34:38","guid":{"rendered":"https:\/\/lima2018.eventosapf.com\/?page_id=240"},"modified":"2018-08-07T02:57:40","modified_gmt":"2018-08-07T02:57:40","slug":"seguro-de-credito","status":"publish","type":"page","link":"https:\/\/lima2018.eventosapf.com\/es\/escuela-pasa\/seguro-de-credito\/","title":{"rendered":"Seguro de Cr\u00e9dito"},"content":{"rendered":"<p style=\"text-align: center;\"><strong>ASOCIACI\u00d3N PANAMERICANA DE FIANZAS<\/strong><strong><br \/>\n<\/strong><strong>II ESCUELA PASA DE SEGURO DE\u00a0<\/strong><b>CR\u00c9DITO<\/b><\/p>\n<p style=\"text-align: center;\">Lunes 1 y martes 2 de octubre de 2018<br \/>\nLima (Per\u00fa)<br \/>\nSede: Hotel Hilton Miraflores<\/p>\n<p style=\"text-align: center;\"><strong><u>Idiomas: espa\u00f1ol e ingl\u00e9s (con traducci\u00f3n simult\u00e1nea)<\/u><\/strong><\/p>\n<h3><\/h3>\n<h3 style=\"text-align: center;\"><strong>ESCUELA DE CAPACITACI\u00d3N PARA SUSCRIPTORES<\/strong><\/h3>\n<p>&nbsp;<\/p>\n<p>En los \u00faltimos seminarios que ha organizado la Asociaci\u00f3n, hemos llevado a cabo exitosamente seis ediciones de la Escuela PASA con contenidos enfocados en el tema de fianzas y cauci\u00f3n. En esta oportunidad, con el fin de seguir contribuyendo a la formaci\u00f3n de nuestros miembros y fomentar la difusi\u00f3n del seguro de cr\u00e9dito en Latinoam\u00e9rica, nos complace presentar la <strong>II Escuela PASA de Seguro de Cr\u00e9dito<\/strong>.<\/p>\n<p>Este nuevo programa, presentado por primera vez en la ciudad de Santo Domingo, Rep\u00fablica Dominicana, en el marco del XIV Seminario T\u00e9cnico, abarc\u00f3 contenidos introductorios sobre este instrumento, elaborados por el Comit\u00e9 de Seguro de Cr\u00e9dito de la APF.<\/p>\n<p>Se trata de un entrenamiento espec\u00edfico ideado para que adquieran conocimientos sobre este producto de gran potencial aquellos suscriptores de compa\u00f1\u00edas que no disponen de programas internos de capacitaci\u00f3n integrales.<\/p>\n<p>Estos m\u00f3dulos de iniciaci\u00f3n al seguro de cr\u00e9dito est\u00e1n dirigidos a suscriptores con poca o ninguna experiencia en el tema, que desean iniciarse en la actividad y conocer los fundamentos de este seguro, su proceso de suscripci\u00f3n y las distintas fases de su administraci\u00f3n.<\/p>\n<p>A diferencia de la edici\u00f3n del a\u00f1o 2017, en esta oportunidad los contenidos se desarrollar\u00e1n durante <strong><u>dos jornadas de capacitaci\u00f3n<\/u><\/strong>, para que cada instructor pueda requerir a los asistentes la resoluci\u00f3n de casos, comprobaciones de lectura o trabajos individuales y en grupo sin limitaciones de tiempo. Adem\u00e1s, los participantes recibir\u00e1n material de lectura previo.<\/p>\n<p>Estamos a su disposici\u00f3n para cualquier consulta o comentario sobre el nuevo programa.<br \/>\n<a href=\"mailto:info@apfpasa.ch\">info@apfpasa.ch<\/a><\/p>\n<p><img loading=\"lazy\" decoding=\"async\" class=\"aligncenter wp-image-409\" src=\"https:\/\/lima2018.eventosapf.com\/wp-content\/uploads\/2018\/08\/SponsorCredito.jpg\" alt=\"\" width=\"446\" height=\"50\" srcset=\"https:\/\/lima2018.eventosapf.com\/wp-content\/uploads\/2018\/08\/SponsorCredito.jpg 777w, https:\/\/lima2018.eventosapf.com\/wp-content\/uploads\/2018\/08\/SponsorCredito-300x34.jpg 300w, https:\/\/lima2018.eventosapf.com\/wp-content\/uploads\/2018\/08\/SponsorCredito-768x86.jpg 768w, https:\/\/lima2018.eventosapf.com\/wp-content\/uploads\/2018\/08\/SponsorCredito-125x14.jpg 125w, https:\/\/lima2018.eventosapf.com\/wp-content\/uploads\/2018\/08\/SponsorCredito-615x69.jpg 615w\" sizes=\"auto, (max-width: 446px) 100vw, 446px\" \/><\/p>\n<p>&nbsp;<\/p>\n<p>[gview file=&#8221;https:\/\/lima2018.eventosapf.com\/wp-content\/uploads\/2018\/08\/Programa-escuela-seguro-de-cr\u00e9dito-2018-08-06-sp-para-Web-final.pdf&#8221;]<\/p>\n","protected":false},"excerpt":{"rendered":"<p>ASOCIACI\u00d3N PANAMERICANA DE FIANZAS II ESCUELA PASA DE SEGURO DE\u00a0CR\u00c9DITO Lunes 1 y martes 2&#8230;<\/p>\n","protected":false},"author":1,"featured_media":0,"parent":20,"menu_order":0,"comment_status":"closed","ping_status":"closed","template":"template-full-width.php","meta":{"footnotes":""},"class_list":["post-240","page","type-page","status-publish","hentry"],"_links":{"self":[{"href":"https:\/\/lima2018.eventosapf.com\/es\/wp-json\/wp\/v2\/pages\/240","targetHints":{"allow":["GET"]}}],"collection":[{"href":"https:\/\/lima2018.eventosapf.com\/es\/wp-json\/wp\/v2\/pages"}],"about":[{"href":"https:\/\/lima2018.eventosapf.com\/es\/wp-json\/wp\/v2\/types\/page"}],"author":[{"embeddable":true,"href":"https:\/\/lima2018.eventosapf.com\/es\/wp-json\/wp\/v2\/users\/1"}],"replies":[{"embeddable":true,"href":"https:\/\/lima2018.eventosapf.com\/es\/wp-json\/wp\/v2\/comments?post=240"}],"version-history":[{"count":5,"href":"https:\/\/lima2018.eventosapf.com\/es\/wp-json\/wp\/v2\/pages\/240\/revisions"}],"predecessor-version":[{"id":414,"href":"https:\/\/lima2018.eventosapf.com\/es\/wp-json\/wp\/v2\/pages\/240\/revisions\/414"}],"up":[{"embeddable":true,"href":"https:\/\/lima2018.eventosapf.com\/es\/wp-json\/wp\/v2\/pages\/20"}],"wp:attachment":[{"href":"https:\/\/lima2018.eventosapf.com\/es\/wp-json\/wp\/v2\/media?parent=240"}],"curies":[{"name":"wp","href":"https:\/\/api.w.org\/{rel}","templated":true}]}}