{"id":232,"date":"2018-07-04T19:31:48","date_gmt":"2018-07-04T19:31:48","guid":{"rendered":"https:\/\/lima2018.eventosapf.com\/?page_id=232"},"modified":"2018-08-03T16:43:37","modified_gmt":"2018-08-03T16:43:37","slug":"modulos-iniciales-i-ii-iii-y-iv","status":"publish","type":"page","link":"https:\/\/lima2018.eventosapf.com\/es\/escuela-pasa\/modulos-iniciales-i-ii-iii-y-iv\/","title":{"rendered":"M\u00f3dulos iniciales I, II, III y IV"},"content":{"rendered":"<p style=\"text-align: center;\"><strong>ASOCIACI\u00d3N PANAMERICANA DE FIANZAS<\/strong><strong><br \/>\n<\/strong><strong>VII ESCUELA PASA<\/strong><\/p>\n<p style=\"text-align: center;\">Lunes 1 y martes 2 de octubre de 2018<br \/>\nLima (Per\u00fa)<br \/>\nSede: Hotel Hilton Miraflores<\/p>\n<p style=\"text-align: center;\"><strong><u>Idiomas: espa\u00f1ol e ingl\u00e9s (con traducci\u00f3n simult\u00e1nea)<\/u><\/strong><\/p>\n<h3><\/h3>\n<h3 style=\"text-align: center;\"><strong>ESCUELA DE CAPACITACI\u00d3N PARA SUSCRIPTORES<\/strong><\/h3>\n<p>&nbsp;<\/p>\n<p>Con el fin de seguir fomentando la capacitaci\u00f3n de los miembros de la APF, sus autoridades han decidido continuar con la promoci\u00f3n de este programa.<\/p>\n<p>Llevamos a cabo exitosamente la I Escuela en la ciudad de San Jos\u00e9 de Costa Rica, en octubre de 2012, la II Escuela en la ciudad de Santa Cruz de la Sierra, Bolivia, en octubre de 2013, la III Escuela en la ciudad de Vi\u00f1a del Mar, Chile, en setiembre de 2014, la IV Escuela en la ciudad de Asunci\u00f3n, Paraguay en octubre de 2015, la V Escuela en la ciudad de San Juan, Puerto Rico y la VI Escuela en la ciudad de Santo Domingo, Rep\u00fablica Dominicana en octubre de 2017 dentro del marco de los Seminarios T\u00e9cnicos.<\/p>\n<p>Mientras continuamos trabajando en el desarrollo de este modelo de formaci\u00f3n para todas las \u00e1reas de especializaci\u00f3n requeridas por nuestros suscriptores, volveremos a repetir la experiencia para que m\u00e1s funcionarios puedan tener acceso a esta herramienta de capacitaci\u00f3n.<\/p>\n<p>Se trata de un entrenamiento espec\u00edfico que \u2013seg\u00fan entendemos\u2013 no ofrece ninguna universidad ni instituto en el continente americano, donde hoy se encuentra la mayor cantidad de los miembros.<\/p>\n<p>La intenci\u00f3n es que adquieran conocimientos sobre la industria aquellos suscriptores de compa\u00f1\u00edas que no disponen de programas internos de capacitaci\u00f3n integrales.<\/p>\n<p>Es un curso acad\u00e9mico, de alto impacto, dirigido a suscriptores con experiencia de dos a\u00f1os o m\u00e1s, orientado a fortalecer sus \u00e1reas de conocimiento y brindar al participante una inmersi\u00f3n m\u00e1s profunda en la industria sobre los temas relevantes de su gesti\u00f3n.<\/p>\n<p>Contaremos con material de lectura previo y cada instructor podr\u00e1 requerir a los asistentes la resoluci\u00f3n de casos, comprobaciones de lectura, o trabajos individuales y en grupo.<\/p>\n<p>Considerando las opiniones de nuestros miembros, en esta edici\u00f3n les ofrecemos un programa acad\u00e9mico que contar\u00e1 con traducci\u00f3n simult\u00e1nea (espa\u00f1ol \u2013 ingl\u00e9s \/ ingl\u00e9s \u2013 espa\u00f1ol) para que todos los funcionarios de nuestras compa\u00f1\u00edas miembro puedan participar sin restricciones idiom\u00e1ticas.<\/p>\n<p><img loading=\"lazy\" decoding=\"async\" class=\"wp-image-386 aligncenter\" src=\"https:\/\/lima2018.eventosapf.com\/wp-content\/uploads\/2018\/08\/BannerEscuela1.jpg\" alt=\"\" width=\"446\" height=\"45\" srcset=\"https:\/\/lima2018.eventosapf.com\/wp-content\/uploads\/2018\/08\/BannerEscuela1.jpg 892w, https:\/\/lima2018.eventosapf.com\/wp-content\/uploads\/2018\/08\/BannerEscuela1-300x30.jpg 300w, https:\/\/lima2018.eventosapf.com\/wp-content\/uploads\/2018\/08\/BannerEscuela1-768x77.jpg 768w, https:\/\/lima2018.eventosapf.com\/wp-content\/uploads\/2018\/08\/BannerEscuela1-125x12.jpg 125w, https:\/\/lima2018.eventosapf.com\/wp-content\/uploads\/2018\/08\/BannerEscuela1-615x61.jpg 615w\" sizes=\"auto, (max-width: 446px) 100vw, 446px\" \/><\/p>\n<p>&nbsp;<\/p>\n<p>[gview file=&#8221;https:\/\/lima2018.eventosapf.com\/wp-content\/uploads\/2018\/08\/Programa-escuela-modulos-iniciales-2018-08-03-sp-para-Web-final.pdf&#8221;]<\/p>\n","protected":false},"excerpt":{"rendered":"<p>ASOCIACI\u00d3N PANAMERICANA DE FIANZAS VII ESCUELA PASA Lunes 1 y martes 2 de octubre de&#8230;<\/p>\n","protected":false},"author":1,"featured_media":0,"parent":20,"menu_order":0,"comment_status":"closed","ping_status":"closed","template":"template-full-width.php","meta":{"footnotes":""},"class_list":["post-232","page","type-page","status-publish","hentry"],"_links":{"self":[{"href":"https:\/\/lima2018.eventosapf.com\/es\/wp-json\/wp\/v2\/pages\/232","targetHints":{"allow":["GET"]}}],"collection":[{"href":"https:\/\/lima2018.eventosapf.com\/es\/wp-json\/wp\/v2\/pages"}],"about":[{"href":"https:\/\/lima2018.eventosapf.com\/es\/wp-json\/wp\/v2\/types\/page"}],"author":[{"embeddable":true,"href":"https:\/\/lima2018.eventosapf.com\/es\/wp-json\/wp\/v2\/users\/1"}],"replies":[{"embeddable":true,"href":"https:\/\/lima2018.eventosapf.com\/es\/wp-json\/wp\/v2\/comments?post=232"}],"version-history":[{"count":5,"href":"https:\/\/lima2018.eventosapf.com\/es\/wp-json\/wp\/v2\/pages\/232\/revisions"}],"predecessor-version":[{"id":390,"href":"https:\/\/lima2018.eventosapf.com\/es\/wp-json\/wp\/v2\/pages\/232\/revisions\/390"}],"up":[{"embeddable":true,"href":"https:\/\/lima2018.eventosapf.com\/es\/wp-json\/wp\/v2\/pages\/20"}],"wp:attachment":[{"href":"https:\/\/lima2018.eventosapf.com\/es\/wp-json\/wp\/v2\/media?parent=232"}],"curies":[{"name":"wp","href":"https:\/\/api.w.org\/{rel}","templated":true}]}}